{"id":92,"date":"2013-11-12T17:54:04","date_gmt":"2013-11-12T17:54:04","guid":{"rendered":"http:\/\/liquid-news.de\/wordpress\/?page_id=92"},"modified":"2020-11-17T12:00:08","modified_gmt":"2020-11-17T12:00:08","slug":"impressum","status":"publish","type":"page","link":"https:\/\/liquid-news.com\/e-zigaretten\/impressum\/","title":{"rendered":"Impressum"},"content":{"rendered":"<h2>Angaben gem\u00e4\u00df \u00a7 5 TMG.<\/h2>\n<p>Verantwortlich f\u00fcr den Inhalt nach \u00a7 55 Abs. 2 RStV:<\/p><div class=\"ln-132-firstparagraph ln-entity-placement\" id=\"ln-3556387570\"><div id=\"ln-596197689\"><a href=\"https:\/\/a.check24.net\/misc\/click.php?pid=120053&amp;aid=18&amp;deep=c24bank&amp;cat=14\" target=\"_blank\" rel=\"nofollow sponsered\"><img loading=\"lazy\" decoding=\"async\" class=\"aligncenter wp-image-4957 size-full\" src=\"https:\/\/liquid-news.com\/wp-content\/uploads\/2024\/03\/ccbank.jpg\" alt=\"\" width=\"300\" height=\"250\" \/><\/a><\/div><\/div>\n<p><a href=\"https:\/\/tele-map.com\" target=\"_blank\" rel=\"noopener noreferrer\">Tele-Map SAC<\/a><br \/>\nCalle Punta Coles 119<br \/>\nLima &#8211; Peru<\/p>\n<h3>Redaktion<\/h3>\n<p>Sonia Perez<br \/>\ninfo @ tele-map .com<\/p>\n<p>Quelle: <i>Erstellt mit dem Impressum-Generator von <a href=\"http:\/\/www.e-recht24.de\" rel=\"nofollow\">http:\/\/www.e-recht24.de<\/a>.<\/i><\/p>\n<p>&nbsp;<\/p>\n<h2>Urheberrechtliche Hinweise<\/h2>\n<p>Alle Text- und Bildinhalte dieser Internetseiten sind urheberrechtlich gesch\u00fctzt. Eine unerlaubte Vervielf\u00e4ltigung (auch auszugsweise) ist grunds\u00e4tzlich untersagt, sofern keine schriftliche Genehmigung von LIQUID-NEWS vorliegt. Die Urheberrechte an verwendeten Bildmotiven leigen bei den jeweiligen Fotografen \/ Autoren. Eine unerlaubte Nutzung oder Vervielf\u00e4ltigung ist untersagt bzw. bedarf der schriftlichen Zustimmung. F\u00fcr Bildmotive, die \u00fcber Bildagenturen bezogen wurden liegt die Entscheidungsbefugnis bei der jeweiligen Bildagentur bzw. dem Fotografen.<\/p>\n<p>&nbsp;<\/p>\n<h2>Haftungsausschluss:<\/h2>\n<p><strong>Haftung f\u00fcr Inhalte<\/strong><\/p>\n<p>Die Inhalte unserer Seiten wurden mit gr\u00f6\u00dfter Sorgfalt erstellt. F\u00fcr die Richtigkeit, Vollst\u00e4ndigkeit und Aktualit\u00e4t der Inhalte k\u00f6nnen wir jedoch keine Gew\u00e4hr \u00fcbernehmen. Als Diensteanbieter sind wir gem\u00e4\u00df \u00a7 7 Abs.1 TMG f\u00fcr eigene Inhalte auf diesen Seiten nach den allgemeinen Gesetzen verantwortlich. Nach \u00a7\u00a7 8 bis 10 TMG sind wir als Diensteanbieter jedoch nicht verpflichtet, \u00fcbermittelte oder gespeicherte fremde Informationen zu \u00fcberwachen oder nach Umst\u00e4nden zu forschen, die auf eine rechtswidrige T\u00e4tigkeit hinweisen. Verpflichtungen zur Entfernung oder Sperrung der Nutzung von Informationen nach den allgemeinen Gesetzen bleiben hiervon unber\u00fchrt. Eine diesbez\u00fcgliche Haftung ist jedoch erst ab dem Zeitpunkt der Kenntnis einer konkreten Rechtsverletzung m\u00f6glich. Bei Bekanntwerden von entsprechenden Rechtsverletzungen werden wir diese Inhalte umgehend entfernen.<\/p>\n<p><strong>Haftung f\u00fcr Links<\/strong><\/p>\n<p>Unser Angebot enth\u00e4lt Links zu externen Webseiten Dritter, auf deren Inhalte wir keinen Einfluss haben. Deshalb k\u00f6nnen wir f\u00fcr diese fremden Inhalte auch keine Gew\u00e4hr \u00fcbernehmen. F\u00fcr die Inhalte der verlinkten Seiten ist stets der jeweilige Anbieter oder Betreiber der Seiten verantwortlich. Die verlinkten Seiten wurden zum Zeitpunkt der Verlinkung auf m\u00f6gliche Rechtsverst\u00f6\u00dfe \u00fcberpr\u00fcft. Rechtswidrige Inhalte waren zum Zeitpunkt der Verlinkung nicht erkennbar. Eine permanente inhaltliche Kontrolle der verlinkten Seiten ist jedoch ohne konkrete Anhaltspunkte einer Rechtsverletzung nicht zumutbar. Bei Bekanntwerden von Rechtsverletzungen werden wir derartige Links umgehend entfernen.<\/p>\n<p><strong>Urheberrecht<\/strong><\/p>\n<p>Die durch die Seitenbetreiber erstellten Inhalte und Werke auf diesen Seiten unterliegen dem deutschen Urheberrecht. Die Vervielf\u00e4ltigung, Bearbeitung, Verbreitung und jede Art der Verwertung au\u00dferhalb der Grenzen des Urheberrechtes bed\u00fcrfen der schriftlichen Zustimmung des jeweiligen Autors bzw. Erstellers. Downloads und Kopien dieser Seite sind nur f\u00fcr den privaten, nicht kommerziellen Gebrauch gestattet. Soweit die Inhalte auf dieser Seite nicht vom Betreiber erstellt wurden, werden die Urheberrechte Dritter beachtet. Insbesondere werden Inhalte Dritter als solche gekennzeichnet. Sollten Sie trotzdem auf eine Urheberrechtsverletzung aufmerksam werden, bitten wir um einen entsprechenden Hinweis. Bei Bekanntwerden von Rechtsverletzungen werden wir derartige Inhalte umgehend entfernen.<\/p>\n<p><strong>Datenschutz<\/strong><\/p>\n<p>Die Nutzung unserer Webseite ist in der Regel ohne Angabe personenbezogener Daten m\u00f6glich. Soweit auf unseren Seiten personenbezogene Daten (beispielsweise Name, Anschrift oder eMail-Adressen) erhoben werden, erfolgt dies, soweit m\u00f6glich, stets auf freiwilliger Basis. Diese Daten werden ohne Ihre ausdr\u00fcckliche Zustimmung nicht an Dritte weitergegeben. Weitere Informationen finden Sie in unserer <a href=\"https:\/\/liquid-news.com\/datenschutzerklaerung\/\">Datenschutzerkl\u00e4rung<\/a>.<\/p>\n<p><strong>Datenschutzerkl\u00e4rung zur Newsletter Anmeldung<\/strong><\/p>\n<p>Das Newsletter-Daten speichert die Abonnentendaten in unserer WordPress-Blog-Datenbank und \u00fcbertr\u00e4gt keine Daten auf auf andere Webseiten oder auf Dienste unseres Unternehmens. grunds\u00e4tzlich werden die Daten bei Anmeldung zu unseren Newsletter nicht an Dritte weitergegeben. Sie werden ausschlie\u00dflich zur Versendung der von Ihnen gew\u00fcnschten Informationen verwendet.<\/p><div class=\"ln-300-bottom ln-entity-placement\" id=\"ln-863309934\"><div id=\"ln-3354135166\"><a href=\"https:\/\/a.check24.net\/misc\/click.php?pid=120053&amp;aid=18&amp;deep=handytarife&amp;cat=7\"><img loading=\"lazy\" decoding=\"async\" class=\"alignnone size-full wp-image-6519\" src=\"https:\/\/liquid-news.com\/wp-content\/uploads\/2024\/02\/Check24Mobi234.jpg\" alt=\"\" width=\"234\" height=\"60\" \/><\/a><\/div><\/div>\n<p>&nbsp;<\/p>\n","protected":false},"excerpt":{"rendered":"<p>Angaben gem\u00e4\u00df \u00a7 5 TMG. Verantwortlich f\u00fcr den Inhalt nach \u00a7 55 Abs. 2 RStV: Tele-Map SAC Calle Punta Coles 119 Lima &#8211; Peru Redaktion Sonia Perez info @ tele-map .com Quelle: Erstellt mit dem Impressum-Generator von http:\/\/www.e-recht24.de. &nbsp; Urheberrechtliche Hinweise Alle Text- und Bildinhalte dieser Internetseiten sind urheberrechtlich gesch\u00fctzt. Eine unerlaubte Vervielf\u00e4ltigung (auch auszugsweise) [&hellip;]<\/p>\n","protected":false},"author":3,"featured_media":0,"parent":0,"menu_order":0,"comment_status":"closed","ping_status":"closed","template":"","meta":{"footnotes":""},"categories":[],"tags":[],"class_list":["post-92","page","type-page","status-publish","hentry"],"yoast_head":"<!-- This site is optimized with the Yoast SEO plugin v27.5 - https:\/\/yoast.com\/product\/yoast-seo-wordpress\/ -->\n<title>Impressum - ezigaretten<\/title>\n<meta name=\"robots\" content=\"index, follow, max-snippet:-1, max-image-preview:large, max-video-preview:-1\" \/>\n<link rel=\"canonical\" href=\"https:\/\/liquid-news.com\/e-zigaretten\/impressum\/\" \/>\n<meta property=\"og:locale\" content=\"de_DE\" \/>\n<meta property=\"og:type\" content=\"article\" \/>\n<meta property=\"og:title\" content=\"Impressum - ezigaretten\" \/>\n<meta property=\"og:description\" content=\"Angaben gem\u00e4\u00df \u00a7 5 TMG. Verantwortlich f\u00fcr den Inhalt nach \u00a7 55 Abs. 2 RStV: Tele-Map SAC Calle Punta Coles 119 Lima &#8211; Peru Redaktion Sonia Perez info @ tele-map .com Quelle: Erstellt mit dem Impressum-Generator von http:\/\/www.e-recht24.de. &nbsp; Urheberrechtliche Hinweise Alle Text- und Bildinhalte dieser Internetseiten sind urheberrechtlich gesch\u00fctzt. Eine unerlaubte Vervielf\u00e4ltigung (auch auszugsweise) [&hellip;]\" \/>\n<meta property=\"og:url\" content=\"https:\/\/liquid-news.com\/e-zigaretten\/impressum\/\" \/>\n<meta property=\"og:site_name\" content=\"ezigaretten\" \/>\n<meta property=\"article:publisher\" content=\"https:\/\/www.facebook.com\/pages\/Liquid-News\/547479922011571\" \/>\n<meta property=\"article:modified_time\" content=\"2020-11-17T12:00:08+00:00\" \/>\n<meta name=\"twitter:card\" content=\"summary_large_image\" \/>\n<meta name=\"twitter:site\" content=\"@LiquidNews\" \/>\n<meta name=\"twitter:label1\" content=\"Gesch\u00e4tzte Lesezeit\" \/>\n\t<meta name=\"twitter:data1\" content=\"3\u00a0Minuten\" \/>\n<script type=\"application\/ld+json\" class=\"yoast-schema-graph\">{\"@context\":\"https:\\\/\\\/schema.org\",\"@graph\":[{\"@type\":\"WebPage\",\"@id\":\"https:\\\/\\\/liquid-news.com\\\/e-zigaretten\\\/impressum\\\/\",\"url\":\"https:\\\/\\\/liquid-news.com\\\/e-zigaretten\\\/impressum\\\/\",\"name\":\"Impressum - ezigaretten\",\"isPartOf\":{\"@id\":\"https:\\\/\\\/1ln.liquid-news.com\\\/e-zigaretten\\\/#website\"},\"datePublished\":\"2013-11-12T17:54:04+00:00\",\"dateModified\":\"2020-11-17T12:00:08+00:00\",\"breadcrumb\":{\"@id\":\"https:\\\/\\\/liquid-news.com\\\/e-zigaretten\\\/impressum\\\/#breadcrumb\"},\"inLanguage\":\"de\",\"potentialAction\":[{\"@type\":\"ReadAction\",\"target\":[\"https:\\\/\\\/liquid-news.com\\\/e-zigaretten\\\/impressum\\\/\"]}]},{\"@type\":\"BreadcrumbList\",\"@id\":\"https:\\\/\\\/liquid-news.com\\\/e-zigaretten\\\/impressum\\\/#breadcrumb\",\"itemListElement\":[{\"@type\":\"ListItem\",\"position\":1,\"name\":\"Home\",\"item\":\"https:\\\/\\\/liquid-news.com\\\/e-zigaretten\\\/\"},{\"@type\":\"ListItem\",\"position\":2,\"name\":\"Impressum\"}]},{\"@type\":\"WebSite\",\"@id\":\"https:\\\/\\\/1ln.liquid-news.com\\\/e-zigaretten\\\/#website\",\"url\":\"https:\\\/\\\/1ln.liquid-news.com\\\/e-zigaretten\\\/\",\"name\":\"ezigaretten\",\"description\":\"Das Online Magazin f\u00fcr e-Zigaretten und Liquids\",\"potentialAction\":[{\"@type\":\"SearchAction\",\"target\":{\"@type\":\"EntryPoint\",\"urlTemplate\":\"https:\\\/\\\/1ln.liquid-news.com\\\/e-zigaretten\\\/?s={search_term_string}\"},\"query-input\":{\"@type\":\"PropertyValueSpecification\",\"valueRequired\":true,\"valueName\":\"search_term_string\"}}],\"inLanguage\":\"de\"}]}<\/script>\n<!-- \/ Yoast SEO plugin. -->","yoast_head_json":{"title":"Impressum - ezigaretten","robots":{"index":"index","follow":"follow","max-snippet":"max-snippet:-1","max-image-preview":"max-image-preview:large","max-video-preview":"max-video-preview:-1"},"canonical":"https:\/\/liquid-news.com\/e-zigaretten\/impressum\/","og_locale":"de_DE","og_type":"article","og_title":"Impressum - ezigaretten","og_description":"Angaben gem\u00e4\u00df \u00a7 5 TMG. Verantwortlich f\u00fcr den Inhalt nach \u00a7 55 Abs. 2 RStV: Tele-Map SAC Calle Punta Coles 119 Lima &#8211; Peru Redaktion Sonia Perez info @ tele-map .com Quelle: Erstellt mit dem Impressum-Generator von http:\/\/www.e-recht24.de. &nbsp; Urheberrechtliche Hinweise Alle Text- und Bildinhalte dieser Internetseiten sind urheberrechtlich gesch\u00fctzt. Eine unerlaubte Vervielf\u00e4ltigung (auch auszugsweise) [&hellip;]","og_url":"https:\/\/liquid-news.com\/e-zigaretten\/impressum\/","og_site_name":"ezigaretten","article_publisher":"https:\/\/www.facebook.com\/pages\/Liquid-News\/547479922011571","article_modified_time":"2020-11-17T12:00:08+00:00","twitter_card":"summary_large_image","twitter_site":"@LiquidNews","twitter_misc":{"Gesch\u00e4tzte Lesezeit":"3\u00a0Minuten"},"schema":{"@context":"https:\/\/schema.org","@graph":[{"@type":"WebPage","@id":"https:\/\/liquid-news.com\/e-zigaretten\/impressum\/","url":"https:\/\/liquid-news.com\/e-zigaretten\/impressum\/","name":"Impressum - ezigaretten","isPartOf":{"@id":"https:\/\/1ln.liquid-news.com\/e-zigaretten\/#website"},"datePublished":"2013-11-12T17:54:04+00:00","dateModified":"2020-11-17T12:00:08+00:00","breadcrumb":{"@id":"https:\/\/liquid-news.com\/e-zigaretten\/impressum\/#breadcrumb"},"inLanguage":"de","potentialAction":[{"@type":"ReadAction","target":["https:\/\/liquid-news.com\/e-zigaretten\/impressum\/"]}]},{"@type":"BreadcrumbList","@id":"https:\/\/liquid-news.com\/e-zigaretten\/impressum\/#breadcrumb","itemListElement":[{"@type":"ListItem","position":1,"name":"Home","item":"https:\/\/liquid-news.com\/e-zigaretten\/"},{"@type":"ListItem","position":2,"name":"Impressum"}]},{"@type":"WebSite","@id":"https:\/\/1ln.liquid-news.com\/e-zigaretten\/#website","url":"https:\/\/1ln.liquid-news.com\/e-zigaretten\/","name":"ezigaretten","description":"Das Online Magazin f\u00fcr e-Zigaretten und Liquids","potentialAction":[{"@type":"SearchAction","target":{"@type":"EntryPoint","urlTemplate":"https:\/\/1ln.liquid-news.com\/e-zigaretten\/?s={search_term_string}"},"query-input":{"@type":"PropertyValueSpecification","valueRequired":true,"valueName":"search_term_string"}}],"inLanguage":"de"}]}},"_links":{"self":[{"href":"https:\/\/liquid-news.com\/e-zigaretten\/wp-json\/wp\/v2\/pages\/92","targetHints":{"allow":["GET"]}}],"collection":[{"href":"https:\/\/liquid-news.com\/e-zigaretten\/wp-json\/wp\/v2\/pages"}],"about":[{"href":"https:\/\/liquid-news.com\/e-zigaretten\/wp-json\/wp\/v2\/types\/page"}],"author":[{"embeddable":true,"href":"https:\/\/liquid-news.com\/e-zigaretten\/wp-json\/wp\/v2\/users\/3"}],"replies":[{"embeddable":true,"href":"https:\/\/liquid-news.com\/e-zigaretten\/wp-json\/wp\/v2\/comments?post=92"}],"version-history":[{"count":0,"href":"https:\/\/liquid-news.com\/e-zigaretten\/wp-json\/wp\/v2\/pages\/92\/revisions"}],"wp:attachment":[{"href":"https:\/\/liquid-news.com\/e-zigaretten\/wp-json\/wp\/v2\/media?parent=92"}],"wp:term":[{"taxonomy":"category","embeddable":true,"href":"https:\/\/liquid-news.com\/e-zigaretten\/wp-json\/wp\/v2\/categories?post=92"},{"taxonomy":"post_tag","embeddable":true,"href":"https:\/\/liquid-news.com\/e-zigaretten\/wp-json\/wp\/v2\/tags?post=92"}],"curies":[{"name":"wp","href":"https:\/\/api.w.org\/{rel}","templated":true}]}}