{"id":1829,"date":"2014-02-08T05:13:12","date_gmt":"2014-02-08T05:13:12","guid":{"rendered":"http:\/\/liquid-news.de\/?page_id=1829"},"modified":"2020-07-20T23:14:36","modified_gmt":"2020-07-20T23:14:36","slug":"ueber-uns","status":"publish","type":"page","link":"https:\/\/liquid-news.com\/e-zigaretten\/ueber-uns\/","title":{"rendered":"\u00dcber uns"},"content":{"rendered":"<p style=\"text-align: justify;\">Willkommen auf\u00a0 LIQUID-NEWS, dem Online Magazin f\u00fcr Genussmittel mit Schwerpunkt zu elektronischen Zigaretten. Wir freuen uns dass Sie sich f\u00fcr das Thema Genussmittel, speziell f\u00fcr die e-Zigarette, interessieren und w\u00fcnschen Ihnen eine angenehme Zeit auf unseren Seiten und das Sie die gesuchte Information finden.<\/p><div class=\"ln-132-firstparagraph ln-entity-placement\" id=\"ln-1885592638\"><div id=\"ln-318650192\"><a href=\"https:\/\/a.check24.net\/misc\/click.php?pid=120053&amp;aid=18&amp;deep=c24bank&amp;cat=14\" target=\"_blank\" rel=\"nofollow sponsered\"><img loading=\"lazy\" decoding=\"async\" class=\"aligncenter wp-image-4957 size-full\" src=\"https:\/\/liquid-news.com\/wp-content\/uploads\/2024\/03\/ccbank.jpg\" alt=\"\" width=\"300\" height=\"250\" \/><\/a><\/div><\/div>\n<p style=\"text-align: justify;\">Seit Anfang 2011 beobachten wir die Entwicklung der e-Cigarette und ihre unaufhaltsame Verbreitung. Wir sind immer wieder \u00fcberrascht mit welchem &#8222;<em>Fachwissen<\/em>&#8220; sich Medien und Politik\u00a0 mit dem Thema &#8222;elektronisches Rauchen&#8220; auseinandersetzen. Deshalb sind wir zu dem Entschluss gekommen das Ungleichgewicht dass an Fehlinformationen zu diesem Thema herrscht etwas auszugleichen und berichten \u00fcber die e-Zigarette und deren Hintergr\u00fcnde.<\/p>\n<p style=\"text-align: justify;\">Die Recherchen und Beobachtungen die wir bei der Erstellung unserer Artikel zum Thema elektronischer Genussmittel gewonnen haben, haben unseren Blick auf die Welt stark ver\u00e4ndert.<\/p>\n<p style=\"text-align: justify;\">Nach unserem Verst\u00e4ndnis f\u00fcr Demokratie sollte der Mensch auch das <strong>Recht zur Unvernunft<\/strong> haben. Es sollte keine Pflicht\u00fcbung sein nach den Idealen einer WHO oder irgendeiner einer anderen Institution, egal ob staatlich oder nicht staatlich, leben zu m\u00fcssen. Dazu geh\u00f6rt auch das wir selbst entscheiden sollten ob wir unserem Geist und K\u00f6rper Genussmittel zuf\u00fchren.<\/p>\n<p style=\"text-align: justify;\">Wir sind parteiunabh\u00e4ngig und der Auffassung das Freiheit nicht ein Bestandteil von Konformismus sein kann. Leider scheint sich dies jedoch immer zunehmender in unserer Politik zu verbreiten. Wir sind f\u00fcr angemessene Regeln zu Genussmitteln und unterst\u00fctzen den Jugendschutz.<\/p>\n<p style=\"text-align: justify;\">LIQUID-NEWS\u00a0ist das erste Magazin seiner Art\u00a0 und berichtet \u00fcber moderne Genussmittel mit kontroversen Themen aus dem Bereich Gesundheit, Politik und Brancheninformationen. LIQUID-NEWS richtet sich an den zeitgerechten und modernen Konsumenten von Genussmitteln dem seine Gesundheit und Umwelt nicht gleichg\u00fcltig ist.<\/p>\n<p style=\"text-align: justify;\">Unser noch recht kleines Team verteilt sich \u00fcber drei Kontinente und hat seinen Sitz in dem ehemaligem Inkareich Peru. Die Idee zur\u00a0LIQUID-NEWS entstand\u00a0 im Januar 2013 in Deutschland. Heute hat LIQUID-NEWS seinen Sitz in dem ehemaligem Inkareich Peru und geh\u00f6rt zur Tele-MAP S.A.C..<\/p>\n<h2>Warum Peru<\/h2>\n<p style=\"text-align: justify;\">Wir werden mmer wieder gefragt warum wir unseren Sitz in Peru haben. Aus einem einfachen und wahrscheinlich f\u00fcr jeden nachvollziebaren Grund. Die Tele-Map S.A.C. wurde bereits 2004 in Lima gegr\u00fcndet, mit dem Ziel eine Existenz f\u00fcr einen deutschen Kaufmann aufzubauen. Die Auswanderung hat sich dann um einige Jahre verschoben und so entstand 2013 das Magazin LIQUID-NEWS mit einer anderen als urspr\u00fcnglich geplanten Gesch\u00e4ftsidee des Unternehmens. Der Grund der Auswanderung war die Liebe zur Familie die zum Teil ihren Ursprung in Peru hat.<\/p>\n<h2 style=\"text-align: justify;\">Globalisierung<\/h2>\n<p style=\"text-align: justify;\">Heutige morderne Unternehmen sind global und damit weltweit aktiv. Warum soll dies nicht auch f\u00fcr kleinere und mittlere Unternehmen gelten. Mit immer mehr zunehmender Verbreitung des Internets gilt dies heute umso mehr. Zu unserem T\u00e4tigkeitsumfang geh\u00f6ren die Erstellung von redaktionellen Texten, die Optimierung f\u00fcr Suchmaschinenergebnisse, SEO-Handlungsempfehlungen. (<a href=\"https:\/\/liquid-news.com\/kontakt\/\" rel=\"nofollow\">Kontakt<\/a>)<\/p>\n<h2 style=\"text-align: justify;\">Standort<\/h2>\n<p style=\"text-align: justify;\">Die Tele-MAP S.A.C. ist eine nicht b\u00f6rsennotierte eingetragene Aktiengesellschaft in Lima,Peru mit einem deutschem Hauptaktion\u00e4r. Die Unternehmsform S.A.C. ist eher vergleichbar mit einer GmbH nach deutschem Recht. Die peruanische S.A.C. hat im Gegensatz zur deutschen AG keinen Aufsichtsrat und nur einen Vorstand und dessen Aktion\u00e4re. Die deutsche <a title=\"IHK Peru\" href=\"http:\/\/peru.ahk.de\/\" target=\"_blank\" rel=\"noopener noreferrer\">Industrie und Handelskammer<\/a>\u00a0 sowie bekannte Unternehmen wie Bosch sind in Lima vertreten.<\/p>\n<h2 style=\"text-align: justify;\">Vielen unbekannt<\/h2>\n<p style=\"text-align: justify;\">Peru ist der gr\u00f6\u00dfte Goldexporteur der Welt. Die peruanischen Anden sind reich an Bodensch\u00e4tzen. Peru erlebt seit 5 Jahren ein <a href=\"http:\/\/www.auswaertiges-amt.de\/sid_F19172443D5821504ACEFAD332B33DB8\/DE\/Aussenpolitik\/Laender\/Laenderinfos\/Peru\/Wirtschaft_node.html\" target=\"_blank\" rel=\"noopener noreferrer\">Wirtschaftsfachstum<\/a>. In der Hauptstadt Lima leben knapp ein Drittel der Bev\u00f6lkerung der insgesamt 30 Millionen Einwohner.\u00a0 In Peru leben ca. 3 Millionen Ausl\u00e4nder, davon die meisten aus den USA und Europa. Peru leidet leider immer noch unter Korruptionen. Deutschland unterst\u00fctzt die demokratische Stabilisierung Perus, die auf Wahrung der Menschenrechte, St\u00e4rkung rechtsstaatlicher Verh\u00e4ltnisse, Dezentralisierung und Beteiligung der Zivilgesellschaft gerichtet ist ( <a href=\"http:\/\/www.auswaertiges-amt.de\/DE\/Aussenpolitik\/Laender\/Laenderinfos\/Peru\/Bilateral_node.html\" target=\"_blank\" rel=\"noopener noreferrer\">Ausw\u00e4rtiges Amt).<\/a><\/p>\n<p><a href=\"http:\/\/liquid-news.com\/peru\" target=\"_blank\" rel=\"noopener noreferrer\">\u00dcber Per\u00fa<\/a><\/p>\n<p><strong>Empfohlene Links<\/strong><br \/>\n<a title=\" Public Eye Awards\" href=\"http:\/\/publiceye.ch\/de\/ueber-die-public-eye-awards\/\" target=\"_blank\" rel=\"noopener noreferrer\">Public Eye Awards<\/a><br \/>\n<a title=\"THRIVE\" href=\"http:\/\/www.thrivemovement.com\/\" target=\"_blank\" rel=\"noopener noreferrer\">THRIVE<\/a><br \/>\n<a title=\"Lobbycontrol\" href=\"https:\/\/www.lobbycontrol.de\/\" target=\"_blank\" rel=\"noopener noreferrer\">Lobbycontrol<\/a><\/p><div class=\"ln-300-bottom ln-entity-placement\" id=\"ln-3276447691\"><div id=\"ln-863118264\"><a href=\"https:\/\/a.check24.net\/misc\/click.php?pid=120053&amp;aid=18&amp;deep=c24bank&amp;cat=14\" target=\"_blank\" rel=\"nofollow sponsered\"><img loading=\"lazy\" decoding=\"async\" class=\"aligncenter wp-image-4957 size-full\" src=\"https:\/\/liquid-news.com\/wp-content\/uploads\/2024\/03\/ccbank.jpg\" alt=\"\" width=\"300\" height=\"250\" \/><\/a><\/div><\/div>\n<div style=\"text-align: center;\">\n<p>&nbsp;<\/p>\n<\/div>\n<p>&nbsp;<\/p>\n","protected":false},"excerpt":{"rendered":"<p>Willkommen auf\u00a0 LIQUID-NEWS, dem Online Magazin f\u00fcr Genussmittel mit Schwerpunkt zu elektronischen Zigaretten. Wir freuen uns dass Sie sich f\u00fcr das Thema Genussmittel, speziell f\u00fcr die e-Zigarette, interessieren und w\u00fcnschen Ihnen eine angenehme Zeit auf unseren Seiten und das Sie die gesuchte Information finden. Seit Anfang 2011 beobachten wir die Entwicklung der e-Cigarette und ihre [&hellip;]<\/p>\n","protected":false},"author":3,"featured_media":0,"parent":0,"menu_order":0,"comment_status":"closed","ping_status":"closed","template":"","meta":{"footnotes":""},"categories":[],"tags":[],"class_list":["post-1829","page","type-page","status-publish","hentry"],"yoast_head":"<!-- This site is optimized with the Yoast SEO plugin v27.5 - https:\/\/yoast.com\/product\/yoast-seo-wordpress\/ -->\n<title>\u00dcber uns - ezigaretten<\/title>\n<meta name=\"robots\" content=\"index, follow, max-snippet:-1, max-image-preview:large, max-video-preview:-1\" \/>\n<link rel=\"canonical\" href=\"https:\/\/liquid-news.com\/e-zigaretten\/ueber-uns\/\" \/>\n<meta property=\"og:locale\" content=\"de_DE\" \/>\n<meta property=\"og:type\" content=\"article\" \/>\n<meta property=\"og:title\" content=\"\u00dcber uns - ezigaretten\" \/>\n<meta property=\"og:description\" content=\"Willkommen auf\u00a0 LIQUID-NEWS, dem Online Magazin f\u00fcr Genussmittel mit Schwerpunkt zu elektronischen Zigaretten. Wir freuen uns dass Sie sich f\u00fcr das Thema Genussmittel, speziell f\u00fcr die e-Zigarette, interessieren und w\u00fcnschen Ihnen eine angenehme Zeit auf unseren Seiten und das Sie die gesuchte Information finden. Seit Anfang 2011 beobachten wir die Entwicklung der e-Cigarette und ihre [&hellip;]\" \/>\n<meta property=\"og:url\" content=\"https:\/\/liquid-news.com\/e-zigaretten\/ueber-uns\/\" \/>\n<meta property=\"og:site_name\" content=\"ezigaretten\" \/>\n<meta property=\"article:publisher\" content=\"https:\/\/www.facebook.com\/pages\/Liquid-News\/547479922011571\" \/>\n<meta property=\"article:modified_time\" content=\"2020-07-20T23:14:36+00:00\" \/>\n<meta name=\"twitter:card\" content=\"summary_large_image\" \/>\n<meta name=\"twitter:site\" content=\"@LiquidNews\" \/>\n<meta name=\"twitter:label1\" content=\"Gesch\u00e4tzte Lesezeit\" \/>\n\t<meta name=\"twitter:data1\" content=\"3\u00a0Minuten\" \/>\n<script type=\"application\/ld+json\" class=\"yoast-schema-graph\">{\"@context\":\"https:\\\/\\\/schema.org\",\"@graph\":[{\"@type\":\"WebPage\",\"@id\":\"https:\\\/\\\/liquid-news.com\\\/e-zigaretten\\\/ueber-uns\\\/\",\"url\":\"https:\\\/\\\/liquid-news.com\\\/e-zigaretten\\\/ueber-uns\\\/\",\"name\":\"\u00dcber uns - ezigaretten\",\"isPartOf\":{\"@id\":\"https:\\\/\\\/1ln.liquid-news.com\\\/e-zigaretten\\\/#website\"},\"datePublished\":\"2014-02-08T05:13:12+00:00\",\"dateModified\":\"2020-07-20T23:14:36+00:00\",\"breadcrumb\":{\"@id\":\"https:\\\/\\\/liquid-news.com\\\/e-zigaretten\\\/ueber-uns\\\/#breadcrumb\"},\"inLanguage\":\"de\",\"potentialAction\":[{\"@type\":\"ReadAction\",\"target\":[\"https:\\\/\\\/liquid-news.com\\\/e-zigaretten\\\/ueber-uns\\\/\"]}]},{\"@type\":\"BreadcrumbList\",\"@id\":\"https:\\\/\\\/liquid-news.com\\\/e-zigaretten\\\/ueber-uns\\\/#breadcrumb\",\"itemListElement\":[{\"@type\":\"ListItem\",\"position\":1,\"name\":\"Home\",\"item\":\"https:\\\/\\\/liquid-news.com\\\/e-zigaretten\\\/\"},{\"@type\":\"ListItem\",\"position\":2,\"name\":\"\u00dcber uns\"}]},{\"@type\":\"WebSite\",\"@id\":\"https:\\\/\\\/1ln.liquid-news.com\\\/e-zigaretten\\\/#website\",\"url\":\"https:\\\/\\\/1ln.liquid-news.com\\\/e-zigaretten\\\/\",\"name\":\"ezigaretten\",\"description\":\"Das Online Magazin f\u00fcr e-Zigaretten und Liquids\",\"potentialAction\":[{\"@type\":\"SearchAction\",\"target\":{\"@type\":\"EntryPoint\",\"urlTemplate\":\"https:\\\/\\\/1ln.liquid-news.com\\\/e-zigaretten\\\/?s={search_term_string}\"},\"query-input\":{\"@type\":\"PropertyValueSpecification\",\"valueRequired\":true,\"valueName\":\"search_term_string\"}}],\"inLanguage\":\"de\"}]}<\/script>\n<!-- \/ Yoast SEO plugin. -->","yoast_head_json":{"title":"\u00dcber uns - ezigaretten","robots":{"index":"index","follow":"follow","max-snippet":"max-snippet:-1","max-image-preview":"max-image-preview:large","max-video-preview":"max-video-preview:-1"},"canonical":"https:\/\/liquid-news.com\/e-zigaretten\/ueber-uns\/","og_locale":"de_DE","og_type":"article","og_title":"\u00dcber uns - ezigaretten","og_description":"Willkommen auf\u00a0 LIQUID-NEWS, dem Online Magazin f\u00fcr Genussmittel mit Schwerpunkt zu elektronischen Zigaretten. Wir freuen uns dass Sie sich f\u00fcr das Thema Genussmittel, speziell f\u00fcr die e-Zigarette, interessieren und w\u00fcnschen Ihnen eine angenehme Zeit auf unseren Seiten und das Sie die gesuchte Information finden. Seit Anfang 2011 beobachten wir die Entwicklung der e-Cigarette und ihre [&hellip;]","og_url":"https:\/\/liquid-news.com\/e-zigaretten\/ueber-uns\/","og_site_name":"ezigaretten","article_publisher":"https:\/\/www.facebook.com\/pages\/Liquid-News\/547479922011571","article_modified_time":"2020-07-20T23:14:36+00:00","twitter_card":"summary_large_image","twitter_site":"@LiquidNews","twitter_misc":{"Gesch\u00e4tzte Lesezeit":"3\u00a0Minuten"},"schema":{"@context":"https:\/\/schema.org","@graph":[{"@type":"WebPage","@id":"https:\/\/liquid-news.com\/e-zigaretten\/ueber-uns\/","url":"https:\/\/liquid-news.com\/e-zigaretten\/ueber-uns\/","name":"\u00dcber uns - ezigaretten","isPartOf":{"@id":"https:\/\/1ln.liquid-news.com\/e-zigaretten\/#website"},"datePublished":"2014-02-08T05:13:12+00:00","dateModified":"2020-07-20T23:14:36+00:00","breadcrumb":{"@id":"https:\/\/liquid-news.com\/e-zigaretten\/ueber-uns\/#breadcrumb"},"inLanguage":"de","potentialAction":[{"@type":"ReadAction","target":["https:\/\/liquid-news.com\/e-zigaretten\/ueber-uns\/"]}]},{"@type":"BreadcrumbList","@id":"https:\/\/liquid-news.com\/e-zigaretten\/ueber-uns\/#breadcrumb","itemListElement":[{"@type":"ListItem","position":1,"name":"Home","item":"https:\/\/liquid-news.com\/e-zigaretten\/"},{"@type":"ListItem","position":2,"name":"\u00dcber uns"}]},{"@type":"WebSite","@id":"https:\/\/1ln.liquid-news.com\/e-zigaretten\/#website","url":"https:\/\/1ln.liquid-news.com\/e-zigaretten\/","name":"ezigaretten","description":"Das Online Magazin f\u00fcr e-Zigaretten und Liquids","potentialAction":[{"@type":"SearchAction","target":{"@type":"EntryPoint","urlTemplate":"https:\/\/1ln.liquid-news.com\/e-zigaretten\/?s={search_term_string}"},"query-input":{"@type":"PropertyValueSpecification","valueRequired":true,"valueName":"search_term_string"}}],"inLanguage":"de"}]}},"_links":{"self":[{"href":"https:\/\/liquid-news.com\/e-zigaretten\/wp-json\/wp\/v2\/pages\/1829","targetHints":{"allow":["GET"]}}],"collection":[{"href":"https:\/\/liquid-news.com\/e-zigaretten\/wp-json\/wp\/v2\/pages"}],"about":[{"href":"https:\/\/liquid-news.com\/e-zigaretten\/wp-json\/wp\/v2\/types\/page"}],"author":[{"embeddable":true,"href":"https:\/\/liquid-news.com\/e-zigaretten\/wp-json\/wp\/v2\/users\/3"}],"replies":[{"embeddable":true,"href":"https:\/\/liquid-news.com\/e-zigaretten\/wp-json\/wp\/v2\/comments?post=1829"}],"version-history":[{"count":0,"href":"https:\/\/liquid-news.com\/e-zigaretten\/wp-json\/wp\/v2\/pages\/1829\/revisions"}],"wp:attachment":[{"href":"https:\/\/liquid-news.com\/e-zigaretten\/wp-json\/wp\/v2\/media?parent=1829"}],"wp:term":[{"taxonomy":"category","embeddable":true,"href":"https:\/\/liquid-news.com\/e-zigaretten\/wp-json\/wp\/v2\/categories?post=1829"},{"taxonomy":"post_tag","embeddable":true,"href":"https:\/\/liquid-news.com\/e-zigaretten\/wp-json\/wp\/v2\/tags?post=1829"}],"curies":[{"name":"wp","href":"https:\/\/api.w.org\/{rel}","templated":true}]}}